{"id":8,"date":"2010-06-09T21:37:01","date_gmt":"2010-06-09T21:37:01","guid":{"rendered":"http:\/\/soft.home.pl\/plansoft\/?page_id=8"},"modified":"2025-01-18T08:26:59","modified_gmt":"2025-01-18T07:26:59","slug":"dokumentacja-2","status":"publish","type":"page","link":"https:\/\/www.plansoft.org\/index.php\/dokumentacja-2\/","title":{"rendered":"Pobierz"},"content":{"rendered":"<p><a href=\"http:\/\/plansoft.org\/wp-content\/uploads\/pdf\/install.zip\">Wersja instalacyjna programu<\/a><br><a href=\"https:\/\/www.plansoft.org\/wp-content\/uploads\/pdf\/InstrukcjaInstalacjiStacjaRobocza.pdf\">Instrukcja instalacji<\/a><\/p>\n<h3>Dokumentacja dla planist\u00f3w<\/h3>\n<p>Odpowiedzi na najcz\u0119\u015bciej zadawane pytania<\/p>\n<ul>\n<li><a href=\"http:\/\/plansoft.org\/wp-content\/uploads\/pdf\/HowTo.JakZarzadzacKalendarzami.chg.pdf\">Jak zarz\u0105dza\u0107 kalendarzami elektronicznymi ?<\/a><\/li>\n<li><a href=\"http:\/\/plansoft.org\/wp-content\/uploads\/pdf\/HowTo.JakZnalezcWolneSale.pdf\">Jak znale\u017a\u0107 woln\u0105 sal\u0119?<\/a><\/li>\n<li><a href=\"http:\/\/plansoft.org\/wp-content\/uploads\/pdf\/HowTo.PlanStudiow.chg.pdf\">Jak u\u017cywa\u0107 planu studi\u00f3w?<\/a><\/li>\n<\/ul>\n<p>Podr\u0119cznik u\u017cytkownika<\/p>\n<ul>\n<li><a href=\"http:\/\/plansoft.org\/wp-content\/uploads\/pdf\/Podrecznik_uzytkownika_Plansoft.org.pdf\">Podr\u0119cznik u\u017cytkownika<\/a><\/li>\n<li><a href=\"http:\/\/plansoft.org\/wp-content\/uploads\/pdf\/WspolpracaZespoluPlanistow.pdf\">Wsp\u00f3\u0142praca zespo\u0142u planist\u00f3w<\/a><\/li>\n<li><a href=\"http:\/\/plansoft.org\/wp-content\/uploads\/pdf\/Publikacja.pdf\">Publikacja rozk\u0142ad\u00f3w zaj\u0119\u0107<\/a><\/li>\n<li><a href=\"http:\/\/plansoft.org\/wp-content\/uploads\/pdf\/Publikacja_iKalendarze.pdf\">Publikacja rozk\u0142ad\u00f3w zaj\u0119\u0107 za pomoc\u0105 Kalendarzy Elektronicznych<\/a><\/li>\n<li><a href=\"http:\/\/plansoft.org\/wp-content\/uploads\/pdf\/Powiadomienia_o_zmianach.pdf\">Powiadomienia email o zmianach w rozk\u0142adach<\/a><\/li>\n<li><a href=\"http:\/\/plansoft.org\/wp-content\/uploads\/pdf\/Raportowanie.pdf\">Raportowanie<\/a><\/li>\n<li><a href=\"http:\/\/plansoft.org\/wp-content\/uploads\/pdf\/PlanSoft.pdf\">Przegl\u0105d mo\u017cliwo\u015bci programu<\/a><\/li>\n<li><a href=\"http:\/\/plansoft.org\/wp-content\/uploads\/pdf\/Dodatki.pdf\">Rzadziej u\u017cywane funkcjonalno\u015bci<\/a><\/li>\n<\/ul>\n\n<p>Integracje<\/p>\n<ul>\n<li><a href=\"http:\/\/plansoft.org\/wp-content\/uploads\/pdf\/Integracja_z_USOS.pdf\">Integracja z systemem USOS<\/a><\/li>\n<li><a href=\"http:\/\/plansoft.org\/wp-content\/uploads\/pdf\/Integracja_z_Bazus.pdf\">Integracja z systemem BAZUS<\/a><\/li>\n<li><a href=\"http:\/\/plansoft.org\/wp-content\/uploads\/pdf\/Integracja_z_AmericanSystems.pdf\">Integracja z systemem American Systems<\/a><\/li>\n<\/ul>\n\n<hr>\n<h3>Dokumentacja dla analityk\u00f3w<\/h3>\n<ul>\n<li><a href=\"http:\/\/plansoft.org\/wp-content\/uploads\/pdf\/Diagram tabel.pdf\">Diagram tabel<\/a><\/li>\n<li><a href=\"http:\/\/plansoft.org\/wp-content\/uploads\/pdf\/API.pdf\">API<\/a><\/li>\n<\/ul>\n<hr>\n<h3>Dokumentacja dla wdro\u017ceniowc\u00f3w<\/h3>\n<div>Zapewniamy bezp\u0142atn\u0105 pomoc w instalacji programu, w tym pomoc w instalacji serwera bazy danych Oracle XE. Prosimy o bezpo\u015bredni kontakt.<\/div>\n\n\n<p><\/p>\n","protected":false},"excerpt":{"rendered":"<p>Wersja instalacyjna programuInstrukcja instalacji Dokumentacja dla planist\u00f3w Odpowiedzi na najcz\u0119\u015bciej zadawane pytania Jak zarz\u0105dza\u0107 kalendarzami elektronicznymi ? Jak znale\u017a\u0107 woln\u0105<\/p>\n","protected":false},"author":1,"featured_media":0,"parent":0,"menu_order":3,"comment_status":"closed","ping_status":"closed","template":"","meta":{"footnotes":""},"class_list":["post-8","page","type-page","status-publish","hentry"],"_links":{"self":[{"href":"https:\/\/www.plansoft.org\/index.php\/wp-json\/wp\/v2\/pages\/8","targetHints":{"allow":["GET"]}}],"collection":[{"href":"https:\/\/www.plansoft.org\/index.php\/wp-json\/wp\/v2\/pages"}],"about":[{"href":"https:\/\/www.plansoft.org\/index.php\/wp-json\/wp\/v2\/types\/page"}],"author":[{"embeddable":true,"href":"https:\/\/www.plansoft.org\/index.php\/wp-json\/wp\/v2\/users\/1"}],"replies":[{"embeddable":true,"href":"https:\/\/www.plansoft.org\/index.php\/wp-json\/wp\/v2\/comments?post=8"}],"version-history":[{"count":82,"href":"https:\/\/www.plansoft.org\/index.php\/wp-json\/wp\/v2\/pages\/8\/revisions"}],"predecessor-version":[{"id":1103,"href":"https:\/\/www.plansoft.org\/index.php\/wp-json\/wp\/v2\/pages\/8\/revisions\/1103"}],"wp:attachment":[{"href":"https:\/\/www.plansoft.org\/index.php\/wp-json\/wp\/v2\/media?parent=8"}],"curies":[{"name":"wp","href":"https:\/\/api.w.org\/{rel}","templated":true}]}}